{"id":23329,"date":"2021-10-01T18:32:48","date_gmt":"2021-10-01T15:32:48","guid":{"rendered":"https:\/\/turgikaubad.ee\/product\/kakao-mehmet-efendi-250g\/"},"modified":"2025-08-03T20:08:21","modified_gmt":"2025-08-03T17:08:21","slug":"kakao-mehmet-efendi-250g","status":"publish","type":"product","link":"https:\/\/turgikaubad.ee\/lv\/product\/kakao-mehmet-efendi-250g\/","title":{"rendered":"Kakao MEHMET EFENDI 250g"},"content":{"rendered":"\t\t<div data-elementor-type=\"wp-post\" data-elementor-id=\"23329\" class=\"elementor elementor-23329\">\n\t\t\t\t\t\t<section class=\"wd-negative-gap elementor-section elementor-top-section elementor-element elementor-element-30d400ff elementor-section-boxed elementor-section-height-default elementor-section-height-default wpr-particle-no wpr-jarallax-no wpr-parallax-no wpr-sticky-section-no wpr-equal-height-no\" data-id=\"30d400ff\" data-element_type=\"section\" data-e-type=\"section\">\n\t\t\t\t\t\t<div class=\"elementor-container elementor-column-gap-default\">\n\t\t\t\t\t<div class=\"elementor-column elementor-col-100 elementor-top-column elementor-element elementor-element-13ad4e3b\" data-id=\"13ad4e3b\" data-element_type=\"column\" data-e-type=\"column\">\n\t\t\t<div class=\"elementor-widget-wrap\">\n\t\t\t\t\t\t\t<\/div>\n\t\t<\/div>\n\t\t\t\t\t<\/div>\n\t\t<\/section>\n\t\t\t\t<\/div>\n\t\t","protected":false},"excerpt":{"rendered":"<p>Kakao Mehmet Efendi 100% kakao pulveris, bez pievienotiem aromatiz\u0113t\u0101jiem. Vakuuma sk\u0101rda k\u0101rba 250 g. Mehmet Efendi kakao patiks gan pieaugu\u0161ajiem, gan b\u0113rniem, uzlabojot noska\u0146ojumu. Kakao Mehmet Efendi ir augstas kvalit\u0101tes produkts, kas izgatavots no augst\u0101k\u0101s kvalit\u0101tes kakao pupi\u0146\u0101m. Kakao sviesta saturs 11%-12%.<\/p>\n<p>Uzglab\u0101\u0161ana: uzglab\u0101t saus\u0101, v\u0113s\u0101 viet\u0101.<\/p>\n","protected":false},"featured_media":23294,"template":"","meta":[],"product_brand":[],"product_cat":[2292],"product_tag":[],"class_list":{"0":"post-23329","1":"product","2":"type-product","3":"status-publish","4":"has-post-thumbnail","6":"product_cat-kafija","7":"pa_tootja-kurukahveci-mehmet-efendi-lv","9":"first","10":"instock","11":"sale","12":"taxable","13":"shipping-taxable","14":"purchasable","15":"product-type-simple"},"yoast_head":"<!-- This site is optimized with the Yoast SEO plugin v27.5 - https:\/\/yoast.com\/product\/yoast-seo-wordpress\/ -->\n<title>Kakao MEHMET EFENDI 250g - T\u00fcrgi kaubad<\/title>\n<meta name=\"robots\" content=\"index, follow, max-snippet:-1, max-image-preview:large, max-video-preview:-1\" \/>\n<link rel=\"canonical\" href=\"https:\/\/turgikaubad.ee\/lv\/product\/kakao-mehmet-efendi-250g\/\" \/>\n<meta property=\"og:locale\" content=\"lv_LV\" \/>\n<meta property=\"og:type\" content=\"article\" \/>\n<meta property=\"og:title\" content=\"Kakao MEHMET EFENDI 250g - T\u00fcrgi kaubad\" \/>\n<meta property=\"og:description\" content=\"Kakao Mehmet Efendi 100% kakao pulveris, bez pievienotiem aromatiz\u0113t\u0101jiem. Vakuuma sk\u0101rda k\u0101rba 250 g. Mehmet Efendi kakao patiks gan pieaugu\u0161ajiem, gan b\u0113rniem, uzlabojot noska\u0146ojumu. Kakao Mehmet Efendi ir augstas kvalit\u0101tes produkts, kas izgatavots no augst\u0101k\u0101s kvalit\u0101tes kakao pupi\u0146\u0101m. Kakao sviesta saturs 11%-12%.  Uzglab\u0101\u0161ana: uzglab\u0101t saus\u0101, v\u0113s\u0101 viet\u0101.\" \/>\n<meta property=\"og:url\" content=\"https:\/\/turgikaubad.ee\/lv\/product\/kakao-mehmet-efendi-250g\/\" \/>\n<meta property=\"og:site_name\" content=\"T\u00fcrgi kaubad\" \/>\n<meta property=\"article:modified_time\" content=\"2025-08-03T17:08:21+00:00\" \/>\n<meta property=\"og:image\" content=\"https:\/\/www.turgikaubad.ee\/wp-content\/uploads\/2021\/10\/Kakao-250g.png\" \/>\n\t<meta property=\"og:image:width\" content=\"500\" \/>\n\t<meta property=\"og:image:height\" content=\"500\" \/>\n\t<meta property=\"og:image:type\" content=\"image\/png\" \/>\n<meta name=\"twitter:card\" content=\"summary_large_image\" \/>\n<script type=\"application\/ld+json\" class=\"yoast-schema-graph\">{\"@context\":\"https:\\\/\\\/schema.org\",\"@graph\":[{\"@type\":\"WebPage\",\"@id\":\"https:\\\/\\\/turgikaubad.ee\\\/lv\\\/product\\\/kakao-mehmet-efendi-250g\\\/\",\"url\":\"https:\\\/\\\/turgikaubad.ee\\\/lv\\\/product\\\/kakao-mehmet-efendi-250g\\\/\",\"name\":\"Kakao MEHMET EFENDI 250g - T\u00fcrgi kaubad\",\"isPartOf\":{\"@id\":\"https:\\\/\\\/www.turgikaubad.ee\\\/lv\\\/#website\"},\"primaryImageOfPage\":{\"@id\":\"https:\\\/\\\/turgikaubad.ee\\\/lv\\\/product\\\/kakao-mehmet-efendi-250g\\\/#primaryimage\"},\"image\":{\"@id\":\"https:\\\/\\\/turgikaubad.ee\\\/lv\\\/product\\\/kakao-mehmet-efendi-250g\\\/#primaryimage\"},\"thumbnailUrl\":\"https:\\\/\\\/turgikaubad.ee\\\/wp-content\\\/uploads\\\/2021\\\/10\\\/Kakao-250g.png\",\"datePublished\":\"2021-10-01T15:32:48+00:00\",\"dateModified\":\"2025-08-03T17:08:21+00:00\",\"breadcrumb\":{\"@id\":\"https:\\\/\\\/turgikaubad.ee\\\/lv\\\/product\\\/kakao-mehmet-efendi-250g\\\/#breadcrumb\"},\"inLanguage\":\"lv-LV\",\"potentialAction\":[{\"@type\":\"ReadAction\",\"target\":[\"https:\\\/\\\/turgikaubad.ee\\\/lv\\\/product\\\/kakao-mehmet-efendi-250g\\\/\"]}]},{\"@type\":\"ImageObject\",\"inLanguage\":\"lv-LV\",\"@id\":\"https:\\\/\\\/turgikaubad.ee\\\/lv\\\/product\\\/kakao-mehmet-efendi-250g\\\/#primaryimage\",\"url\":\"https:\\\/\\\/turgikaubad.ee\\\/wp-content\\\/uploads\\\/2021\\\/10\\\/Kakao-250g.png\",\"contentUrl\":\"https:\\\/\\\/turgikaubad.ee\\\/wp-content\\\/uploads\\\/2021\\\/10\\\/Kakao-250g.png\",\"width\":500,\"height\":500,\"caption\":\"Kakao MEHMET EFENDI 250g\"},{\"@type\":\"BreadcrumbList\",\"@id\":\"https:\\\/\\\/turgikaubad.ee\\\/lv\\\/product\\\/kakao-mehmet-efendi-250g\\\/#breadcrumb\",\"itemListElement\":[{\"@type\":\"ListItem\",\"position\":1,\"name\":\"Home\",\"item\":\"https:\\\/\\\/www.turgikaubad.ee\\\/lv\\\/\"},{\"@type\":\"ListItem\",\"position\":2,\"name\":\"Pood\",\"item\":\"https:\\\/\\\/www.turgikaubad.ee\\\/pood\\\/\"},{\"@type\":\"ListItem\",\"position\":3,\"name\":\"Kakao MEHMET EFENDI 250g\"}]},{\"@type\":\"WebSite\",\"@id\":\"https:\\\/\\\/www.turgikaubad.ee\\\/lv\\\/#website\",\"url\":\"https:\\\/\\\/www.turgikaubad.ee\\\/lv\\\/\",\"name\":\"T\u00fcrgi kaubad\",\"description\":\"K\u00f5ik maitsev T\u00fcrgist\",\"potentialAction\":[{\"@type\":\"SearchAction\",\"target\":{\"@type\":\"EntryPoint\",\"urlTemplate\":\"https:\\\/\\\/www.turgikaubad.ee\\\/lv\\\/?s={search_term_string}\"},\"query-input\":{\"@type\":\"PropertyValueSpecification\",\"valueRequired\":true,\"valueName\":\"search_term_string\"}}],\"inLanguage\":\"lv-LV\"}]}<\/script>\n<!-- \/ Yoast SEO plugin. -->","yoast_head_json":{"title":"Kakao MEHMET EFENDI 250g - T\u00fcrgi kaubad","robots":{"index":"index","follow":"follow","max-snippet":"max-snippet:-1","max-image-preview":"max-image-preview:large","max-video-preview":"max-video-preview:-1"},"canonical":"https:\/\/turgikaubad.ee\/lv\/product\/kakao-mehmet-efendi-250g\/","og_locale":"lv_LV","og_type":"article","og_title":"Kakao MEHMET EFENDI 250g - T\u00fcrgi kaubad","og_description":"Kakao Mehmet Efendi 100% kakao pulveris, bez pievienotiem aromatiz\u0113t\u0101jiem. Vakuuma sk\u0101rda k\u0101rba 250 g. Mehmet Efendi kakao patiks gan pieaugu\u0161ajiem, gan b\u0113rniem, uzlabojot noska\u0146ojumu. Kakao Mehmet Efendi ir augstas kvalit\u0101tes produkts, kas izgatavots no augst\u0101k\u0101s kvalit\u0101tes kakao pupi\u0146\u0101m. Kakao sviesta saturs 11%-12%.  Uzglab\u0101\u0161ana: uzglab\u0101t saus\u0101, v\u0113s\u0101 viet\u0101.","og_url":"https:\/\/turgikaubad.ee\/lv\/product\/kakao-mehmet-efendi-250g\/","og_site_name":"T\u00fcrgi kaubad","article_modified_time":"2025-08-03T17:08:21+00:00","og_image":[{"width":500,"height":500,"url":"https:\/\/www.turgikaubad.ee\/wp-content\/uploads\/2021\/10\/Kakao-250g.png","type":"image\/png"}],"twitter_card":"summary_large_image","schema":{"@context":"https:\/\/schema.org","@graph":[{"@type":"WebPage","@id":"https:\/\/turgikaubad.ee\/lv\/product\/kakao-mehmet-efendi-250g\/","url":"https:\/\/turgikaubad.ee\/lv\/product\/kakao-mehmet-efendi-250g\/","name":"Kakao MEHMET EFENDI 250g - T\u00fcrgi kaubad","isPartOf":{"@id":"https:\/\/www.turgikaubad.ee\/lv\/#website"},"primaryImageOfPage":{"@id":"https:\/\/turgikaubad.ee\/lv\/product\/kakao-mehmet-efendi-250g\/#primaryimage"},"image":{"@id":"https:\/\/turgikaubad.ee\/lv\/product\/kakao-mehmet-efendi-250g\/#primaryimage"},"thumbnailUrl":"https:\/\/turgikaubad.ee\/wp-content\/uploads\/2021\/10\/Kakao-250g.png","datePublished":"2021-10-01T15:32:48+00:00","dateModified":"2025-08-03T17:08:21+00:00","breadcrumb":{"@id":"https:\/\/turgikaubad.ee\/lv\/product\/kakao-mehmet-efendi-250g\/#breadcrumb"},"inLanguage":"lv-LV","potentialAction":[{"@type":"ReadAction","target":["https:\/\/turgikaubad.ee\/lv\/product\/kakao-mehmet-efendi-250g\/"]}]},{"@type":"ImageObject","inLanguage":"lv-LV","@id":"https:\/\/turgikaubad.ee\/lv\/product\/kakao-mehmet-efendi-250g\/#primaryimage","url":"https:\/\/turgikaubad.ee\/wp-content\/uploads\/2021\/10\/Kakao-250g.png","contentUrl":"https:\/\/turgikaubad.ee\/wp-content\/uploads\/2021\/10\/Kakao-250g.png","width":500,"height":500,"caption":"Kakao MEHMET EFENDI 250g"},{"@type":"BreadcrumbList","@id":"https:\/\/turgikaubad.ee\/lv\/product\/kakao-mehmet-efendi-250g\/#breadcrumb","itemListElement":[{"@type":"ListItem","position":1,"name":"Home","item":"https:\/\/www.turgikaubad.ee\/lv\/"},{"@type":"ListItem","position":2,"name":"Pood","item":"https:\/\/www.turgikaubad.ee\/pood\/"},{"@type":"ListItem","position":3,"name":"Kakao MEHMET EFENDI 250g"}]},{"@type":"WebSite","@id":"https:\/\/www.turgikaubad.ee\/lv\/#website","url":"https:\/\/www.turgikaubad.ee\/lv\/","name":"T\u00fcrgi kaubad","description":"K\u00f5ik maitsev T\u00fcrgist","potentialAction":[{"@type":"SearchAction","target":{"@type":"EntryPoint","urlTemplate":"https:\/\/www.turgikaubad.ee\/lv\/?s={search_term_string}"},"query-input":{"@type":"PropertyValueSpecification","valueRequired":true,"valueName":"search_term_string"}}],"inLanguage":"lv-LV"}]}},"_links":{"self":[{"href":"https:\/\/turgikaubad.ee\/lv\/wp-json\/wp\/v2\/product\/23329","targetHints":{"allow":["GET"]}}],"collection":[{"href":"https:\/\/turgikaubad.ee\/lv\/wp-json\/wp\/v2\/product"}],"about":[{"href":"https:\/\/turgikaubad.ee\/lv\/wp-json\/wp\/v2\/types\/product"}],"version-history":[{"count":1,"href":"https:\/\/turgikaubad.ee\/lv\/wp-json\/wp\/v2\/product\/23329\/revisions"}],"predecessor-version":[{"id":23480,"href":"https:\/\/turgikaubad.ee\/lv\/wp-json\/wp\/v2\/product\/23329\/revisions\/23480"}],"wp:featuredmedia":[{"embeddable":true,"href":"https:\/\/turgikaubad.ee\/lv\/wp-json\/wp\/v2\/media\/23294"}],"wp:attachment":[{"href":"https:\/\/turgikaubad.ee\/lv\/wp-json\/wp\/v2\/media?parent=23329"}],"wp:term":[{"taxonomy":"product_brand","embeddable":true,"href":"https:\/\/turgikaubad.ee\/lv\/wp-json\/wp\/v2\/product_brand?post=23329"},{"taxonomy":"product_cat","embeddable":true,"href":"https:\/\/turgikaubad.ee\/lv\/wp-json\/wp\/v2\/product_cat?post=23329"},{"taxonomy":"product_tag","embeddable":true,"href":"https:\/\/turgikaubad.ee\/lv\/wp-json\/wp\/v2\/product_tag?post=23329"}],"curies":[{"name":"wp","href":"https:\/\/api.w.org\/{rel}","templated":true}]}}