{"id":23315,"date":"2021-02-04T09:34:36","date_gmt":"2021-02-04T07:34:36","guid":{"rendered":"https:\/\/turgikaubad.ee\/product\/turku-malta-kafija-mehmet-efendi-500g\/"},"modified":"2025-07-31T17:26:48","modified_gmt":"2025-07-31T14:26:48","slug":"turku-malta-kafija-mehmet-efendi-500g","status":"publish","type":"product","link":"https:\/\/turgikaubad.ee\/lv\/product\/turku-malta-kafija-mehmet-efendi-500g\/","title":{"rendered":"Turku malta kafija Mehmet Efendi 500g"},"content":{"rendered":"\t\t<div data-elementor-type=\"wp-post\" data-elementor-id=\"23315\" class=\"elementor elementor-23315\">\n\t\t\t\t\t\t<section class=\"wd-negative-gap elementor-section elementor-top-section elementor-element elementor-element-5e037bfb elementor-section-boxed elementor-section-height-default elementor-section-height-default wpr-particle-no wpr-jarallax-no wpr-parallax-no wpr-sticky-section-no wpr-equal-height-no\" data-id=\"5e037bfb\" data-element_type=\"section\" data-e-type=\"section\">\n\t\t\t\t\t\t<div class=\"elementor-container elementor-column-gap-default\">\n\t\t\t\t\t<div class=\"elementor-column elementor-col-100 elementor-top-column elementor-element elementor-element-7ac45a25\" data-id=\"7ac45a25\" data-element_type=\"column\" data-e-type=\"column\">\n\t\t\t<div class=\"elementor-widget-wrap elementor-element-populated\">\n\t\t\t\t\t\t\t<\/div>\n\t\t<\/div>\n\t\t\t\t\t<\/div>\n\t\t<\/section>\n\t\t\t\t<\/div>\n\t\t","protected":false},"excerpt":{"rendered":"<p>Izgatavots no 100% augst\u0101k\u0101s kvalit\u0101tes vid\u0113ji grauzd\u0113t\u0101m Arabica pupi\u0146\u0101m, ko raksturo \u013coti smalka maluma pak\u0101pe. Kafijas pupi\u0146as r\u016bp\u012bgi \u0161\u0137iro, apgrauzd\u0113, cep un sasmalcina smalk\u0101 pulver\u012b. Kafiju pasniedz maz\u0101s tas\u012bt\u0113s. P\u0113c kafijas pagatavo\u0161anas \u013caujiet tai k\u0101du laiku nost\u0101v\u0113ties, lai kafijas biezumi nogrimtu apak\u0161\u0101.<\/p>\n<p>Turku kafija tiek pagatavota \u012bpa\u0161\u0101 cezve katl\u0101.<br \/>\nCezve rada biezas putas.<\/p>\n","protected":false},"featured_media":23316,"template":"","meta":[],"product_brand":[],"product_cat":[2292],"product_tag":[],"class_list":{"0":"post-23315","1":"product","2":"type-product","3":"status-publish","4":"has-post-thumbnail","6":"product_cat-kafija","7":"pa_tootja-kurukahveci-mehmet-efendi-lv","9":"first","10":"instock","11":"taxable","12":"shipping-taxable","13":"purchasable","14":"product-type-simple"},"yoast_head":"<!-- This site is optimized with the Yoast SEO plugin v27.5 - https:\/\/yoast.com\/product\/yoast-seo-wordpress\/ -->\n<title>Turku malta kafija Mehmet Efendi 500g - T\u00fcrgi kaubad<\/title>\n<meta name=\"robots\" content=\"index, follow, max-snippet:-1, max-image-preview:large, max-video-preview:-1\" \/>\n<link rel=\"canonical\" href=\"https:\/\/turgikaubad.ee\/lv\/product\/turku-malta-kafija-mehmet-efendi-500g\/\" \/>\n<meta property=\"og:locale\" content=\"lv_LV\" \/>\n<meta property=\"og:type\" content=\"article\" \/>\n<meta property=\"og:title\" content=\"Turku malta kafija Mehmet Efendi 500g - T\u00fcrgi kaubad\" \/>\n<meta property=\"og:description\" content=\"Izgatavots no 100% augst\u0101k\u0101s kvalit\u0101tes vid\u0113ji grauzd\u0113t\u0101m Arabica pupi\u0146\u0101m, ko raksturo \u013coti smalka maluma pak\u0101pe. Kafijas pupi\u0146as r\u016bp\u012bgi \u0161\u0137iro, apgrauzd\u0113, cep un sasmalcina smalk\u0101 pulver\u012b. Kafiju pasniedz maz\u0101s tas\u012bt\u0113s. P\u0113c kafijas pagatavo\u0161anas \u013caujiet tai k\u0101du laiku nost\u0101v\u0113ties, lai kafijas biezumi nogrimtu apak\u0161\u0101.  Turku kafija tiek pagatavota \u012bpa\u0161\u0101 cezve katl\u0101. Cezve rada biezas putas.\" \/>\n<meta property=\"og:url\" content=\"https:\/\/turgikaubad.ee\/lv\/product\/turku-malta-kafija-mehmet-efendi-500g\/\" \/>\n<meta property=\"og:site_name\" content=\"T\u00fcrgi kaubad\" \/>\n<meta property=\"article:modified_time\" content=\"2025-07-31T14:26:48+00:00\" \/>\n<meta property=\"og:image\" content=\"http:\/\/www.turgikaubad.ee\/wp-content\/uploads\/2021\/02\/Turgi-kohv-Mehmet-Efendi-500g.jpg\" \/>\n\t<meta property=\"og:image:width\" content=\"1500\" \/>\n\t<meta property=\"og:image:height\" content=\"1500\" \/>\n\t<meta property=\"og:image:type\" content=\"image\/jpeg\" \/>\n<meta name=\"twitter:card\" content=\"summary_large_image\" \/>\n<script type=\"application\/ld+json\" class=\"yoast-schema-graph\">{\"@context\":\"https:\\\/\\\/schema.org\",\"@graph\":[{\"@type\":\"WebPage\",\"@id\":\"https:\\\/\\\/turgikaubad.ee\\\/lv\\\/product\\\/turku-malta-kafija-mehmet-efendi-500g\\\/\",\"url\":\"https:\\\/\\\/turgikaubad.ee\\\/lv\\\/product\\\/turku-malta-kafija-mehmet-efendi-500g\\\/\",\"name\":\"Turku malta kafija Mehmet Efendi 500g - T\u00fcrgi kaubad\",\"isPartOf\":{\"@id\":\"https:\\\/\\\/www.turgikaubad.ee\\\/lv\\\/#website\"},\"primaryImageOfPage\":{\"@id\":\"https:\\\/\\\/turgikaubad.ee\\\/lv\\\/product\\\/turku-malta-kafija-mehmet-efendi-500g\\\/#primaryimage\"},\"image\":{\"@id\":\"https:\\\/\\\/turgikaubad.ee\\\/lv\\\/product\\\/turku-malta-kafija-mehmet-efendi-500g\\\/#primaryimage\"},\"thumbnailUrl\":\"https:\\\/\\\/www.turgikaubad.ee\\\/wp-content\\\/uploads\\\/2021\\\/02\\\/Turgi-kohv-Mehmet-Efendi-500g.jpg\",\"datePublished\":\"2021-02-04T07:34:36+00:00\",\"dateModified\":\"2025-07-31T14:26:48+00:00\",\"breadcrumb\":{\"@id\":\"https:\\\/\\\/turgikaubad.ee\\\/lv\\\/product\\\/turku-malta-kafija-mehmet-efendi-500g\\\/#breadcrumb\"},\"inLanguage\":\"lv-LV\",\"potentialAction\":[{\"@type\":\"ReadAction\",\"target\":[\"https:\\\/\\\/turgikaubad.ee\\\/lv\\\/product\\\/turku-malta-kafija-mehmet-efendi-500g\\\/\"]}]},{\"@type\":\"ImageObject\",\"inLanguage\":\"lv-LV\",\"@id\":\"https:\\\/\\\/turgikaubad.ee\\\/lv\\\/product\\\/turku-malta-kafija-mehmet-efendi-500g\\\/#primaryimage\",\"url\":\"https:\\\/\\\/www.turgikaubad.ee\\\/wp-content\\\/uploads\\\/2021\\\/02\\\/Turgi-kohv-Mehmet-Efendi-500g.jpg\",\"contentUrl\":\"https:\\\/\\\/www.turgikaubad.ee\\\/wp-content\\\/uploads\\\/2021\\\/02\\\/Turgi-kohv-Mehmet-Efendi-500g.jpg\",\"width\":1500,\"height\":1500,\"caption\":\"Turku malta kafija Mehmet Efendi 500g\"},{\"@type\":\"BreadcrumbList\",\"@id\":\"https:\\\/\\\/turgikaubad.ee\\\/lv\\\/product\\\/turku-malta-kafija-mehmet-efendi-500g\\\/#breadcrumb\",\"itemListElement\":[{\"@type\":\"ListItem\",\"position\":1,\"name\":\"Home\",\"item\":\"https:\\\/\\\/www.turgikaubad.ee\\\/lv\\\/\"},{\"@type\":\"ListItem\",\"position\":2,\"name\":\"Pood\",\"item\":\"https:\\\/\\\/www.turgikaubad.ee\\\/pood\\\/\"},{\"@type\":\"ListItem\",\"position\":3,\"name\":\"Turku malta kafija Mehmet Efendi 500g\"}]},{\"@type\":\"WebSite\",\"@id\":\"https:\\\/\\\/www.turgikaubad.ee\\\/lv\\\/#website\",\"url\":\"https:\\\/\\\/www.turgikaubad.ee\\\/lv\\\/\",\"name\":\"T\u00fcrgi kaubad\",\"description\":\"K\u00f5ik maitsev T\u00fcrgist\",\"potentialAction\":[{\"@type\":\"SearchAction\",\"target\":{\"@type\":\"EntryPoint\",\"urlTemplate\":\"https:\\\/\\\/www.turgikaubad.ee\\\/lv\\\/?s={search_term_string}\"},\"query-input\":{\"@type\":\"PropertyValueSpecification\",\"valueRequired\":true,\"valueName\":\"search_term_string\"}}],\"inLanguage\":\"lv-LV\"}]}<\/script>\n<!-- \/ Yoast SEO plugin. -->","yoast_head_json":{"title":"Turku malta kafija Mehmet Efendi 500g - T\u00fcrgi kaubad","robots":{"index":"index","follow":"follow","max-snippet":"max-snippet:-1","max-image-preview":"max-image-preview:large","max-video-preview":"max-video-preview:-1"},"canonical":"https:\/\/turgikaubad.ee\/lv\/product\/turku-malta-kafija-mehmet-efendi-500g\/","og_locale":"lv_LV","og_type":"article","og_title":"Turku malta kafija Mehmet Efendi 500g - T\u00fcrgi kaubad","og_description":"Izgatavots no 100% augst\u0101k\u0101s kvalit\u0101tes vid\u0113ji grauzd\u0113t\u0101m Arabica pupi\u0146\u0101m, ko raksturo \u013coti smalka maluma pak\u0101pe. Kafijas pupi\u0146as r\u016bp\u012bgi \u0161\u0137iro, apgrauzd\u0113, cep un sasmalcina smalk\u0101 pulver\u012b. Kafiju pasniedz maz\u0101s tas\u012bt\u0113s. P\u0113c kafijas pagatavo\u0161anas \u013caujiet tai k\u0101du laiku nost\u0101v\u0113ties, lai kafijas biezumi nogrimtu apak\u0161\u0101.  Turku kafija tiek pagatavota \u012bpa\u0161\u0101 cezve katl\u0101. Cezve rada biezas putas.","og_url":"https:\/\/turgikaubad.ee\/lv\/product\/turku-malta-kafija-mehmet-efendi-500g\/","og_site_name":"T\u00fcrgi kaubad","article_modified_time":"2025-07-31T14:26:48+00:00","og_image":[{"width":1500,"height":1500,"url":"http:\/\/www.turgikaubad.ee\/wp-content\/uploads\/2021\/02\/Turgi-kohv-Mehmet-Efendi-500g.jpg","type":"image\/jpeg"}],"twitter_card":"summary_large_image","schema":{"@context":"https:\/\/schema.org","@graph":[{"@type":"WebPage","@id":"https:\/\/turgikaubad.ee\/lv\/product\/turku-malta-kafija-mehmet-efendi-500g\/","url":"https:\/\/turgikaubad.ee\/lv\/product\/turku-malta-kafija-mehmet-efendi-500g\/","name":"Turku malta kafija Mehmet Efendi 500g - T\u00fcrgi kaubad","isPartOf":{"@id":"https:\/\/www.turgikaubad.ee\/lv\/#website"},"primaryImageOfPage":{"@id":"https:\/\/turgikaubad.ee\/lv\/product\/turku-malta-kafija-mehmet-efendi-500g\/#primaryimage"},"image":{"@id":"https:\/\/turgikaubad.ee\/lv\/product\/turku-malta-kafija-mehmet-efendi-500g\/#primaryimage"},"thumbnailUrl":"https:\/\/www.turgikaubad.ee\/wp-content\/uploads\/2021\/02\/Turgi-kohv-Mehmet-Efendi-500g.jpg","datePublished":"2021-02-04T07:34:36+00:00","dateModified":"2025-07-31T14:26:48+00:00","breadcrumb":{"@id":"https:\/\/turgikaubad.ee\/lv\/product\/turku-malta-kafija-mehmet-efendi-500g\/#breadcrumb"},"inLanguage":"lv-LV","potentialAction":[{"@type":"ReadAction","target":["https:\/\/turgikaubad.ee\/lv\/product\/turku-malta-kafija-mehmet-efendi-500g\/"]}]},{"@type":"ImageObject","inLanguage":"lv-LV","@id":"https:\/\/turgikaubad.ee\/lv\/product\/turku-malta-kafija-mehmet-efendi-500g\/#primaryimage","url":"https:\/\/www.turgikaubad.ee\/wp-content\/uploads\/2021\/02\/Turgi-kohv-Mehmet-Efendi-500g.jpg","contentUrl":"https:\/\/www.turgikaubad.ee\/wp-content\/uploads\/2021\/02\/Turgi-kohv-Mehmet-Efendi-500g.jpg","width":1500,"height":1500,"caption":"Turku malta kafija Mehmet Efendi 500g"},{"@type":"BreadcrumbList","@id":"https:\/\/turgikaubad.ee\/lv\/product\/turku-malta-kafija-mehmet-efendi-500g\/#breadcrumb","itemListElement":[{"@type":"ListItem","position":1,"name":"Home","item":"https:\/\/www.turgikaubad.ee\/lv\/"},{"@type":"ListItem","position":2,"name":"Pood","item":"https:\/\/www.turgikaubad.ee\/pood\/"},{"@type":"ListItem","position":3,"name":"Turku malta kafija Mehmet Efendi 500g"}]},{"@type":"WebSite","@id":"https:\/\/www.turgikaubad.ee\/lv\/#website","url":"https:\/\/www.turgikaubad.ee\/lv\/","name":"T\u00fcrgi kaubad","description":"K\u00f5ik maitsev T\u00fcrgist","potentialAction":[{"@type":"SearchAction","target":{"@type":"EntryPoint","urlTemplate":"https:\/\/www.turgikaubad.ee\/lv\/?s={search_term_string}"},"query-input":{"@type":"PropertyValueSpecification","valueRequired":true,"valueName":"search_term_string"}}],"inLanguage":"lv-LV"}]}},"_links":{"self":[{"href":"https:\/\/turgikaubad.ee\/lv\/wp-json\/wp\/v2\/product\/23315","targetHints":{"allow":["GET"]}}],"collection":[{"href":"https:\/\/turgikaubad.ee\/lv\/wp-json\/wp\/v2\/product"}],"about":[{"href":"https:\/\/turgikaubad.ee\/lv\/wp-json\/wp\/v2\/types\/product"}],"version-history":[{"count":1,"href":"https:\/\/turgikaubad.ee\/lv\/wp-json\/wp\/v2\/product\/23315\/revisions"}],"predecessor-version":[{"id":23318,"href":"https:\/\/turgikaubad.ee\/lv\/wp-json\/wp\/v2\/product\/23315\/revisions\/23318"}],"wp:featuredmedia":[{"embeddable":true,"href":"https:\/\/turgikaubad.ee\/lv\/wp-json\/wp\/v2\/media\/23316"}],"wp:attachment":[{"href":"https:\/\/turgikaubad.ee\/lv\/wp-json\/wp\/v2\/media?parent=23315"}],"wp:term":[{"taxonomy":"product_brand","embeddable":true,"href":"https:\/\/turgikaubad.ee\/lv\/wp-json\/wp\/v2\/product_brand?post=23315"},{"taxonomy":"product_cat","embeddable":true,"href":"https:\/\/turgikaubad.ee\/lv\/wp-json\/wp\/v2\/product_cat?post=23315"},{"taxonomy":"product_tag","embeddable":true,"href":"https:\/\/turgikaubad.ee\/lv\/wp-json\/wp\/v2\/product_tag?post=23315"}],"curies":[{"name":"wp","href":"https:\/\/api.w.org\/{rel}","templated":true}]}}